{"id":17,"date":"2025-11-11T08:02:53","date_gmt":"2025-11-11T08:02:53","guid":{"rendered":"https:\/\/ladywings.de\/?page_id=17"},"modified":"2025-11-11T08:02:53","modified_gmt":"2025-11-11T08:02:53","slug":"sponsoren","status":"publish","type":"page","link":"https:\/\/ladywings.de\/?page_id=17","title":{"rendered":"Sponsoren"},"content":{"rendered":"\n<div class=\"wp-block-group alignfull is-layout-flow wp-container-core-group-is-layout-f9cb6abc wp-block-group-is-layout-flow\" style=\"margin-top:0;margin-bottom:0\">\n<div class=\"wp-block-columns alignfull is-not-stacked-on-mobile is-layout-flex wp-container-core-columns-is-layout-e154fb6a wp-block-columns-is-layout-flex\" style=\"margin-top:0;margin-bottom:0;padding-top:var(--wp--preset--spacing--40);padding-right:var(--wp--preset--spacing--40);padding-bottom:var(--wp--preset--spacing--80);padding-left:var(--wp--preset--spacing--40)\">\n<div class=\"wp-block-column is-layout-flow wp-block-column-is-layout-flow\" style=\"flex-basis:66.66%\"><\/div>\n\n\n\n<div class=\"wp-block-column is-layout-flow wp-block-column-is-layout-flow\" style=\"flex-basis:12vw\"><\/div>\n\n\n\n<div class=\"wp-block-column is-layout-flow wp-block-column-is-layout-flow\">\n<div class=\"wp-block-group is-content-justification-right is-nowrap is-layout-flex wp-container-core-group-is-layout-17124a9a wp-block-group-is-layout-flex\"><\/div>\n<\/div>\n<\/div>\n<\/div>\n\n\n\n<div class=\"wp-block-group alignfull has-accent-1-background-color has-background has-global-padding is-layout-constrained wp-container-core-group-is-layout-ebee8dc1 wp-block-group-is-layout-constrained\" style=\"margin-top:0;margin-bottom:0;padding-top:var(--wp--preset--spacing--50);padding-bottom:var(--wp--preset--spacing--50)\">\n<div class=\"wp-block-columns alignwide is-layout-flex wp-container-core-columns-is-layout-28f84493 wp-block-columns-is-layout-flex\">\n<div class=\"wp-block-column is-style-section-1 has-contrast-color has-accent-1-background-color has-text-color has-background has-link-color has-small-font-size wp-elements-5e4cdd8a02d0431e0626642112853094 is-layout-flow wp-block-column-is-layout-flow is-style-section-1--1\" style=\"border-style:none;border-width:0px;border-radius:0px;padding-top:0;padding-bottom:0\">\n<h1 class=\"wp-block-heading has-large-font-size\">Gemeinsam stark!<\/h1>\n\n\n\n<h1 class=\"wp-block-heading has-medium-font-size\">Ohne unsere Sponsoren w\u00e4re Eishockey in dieser Form nicht m\u00f6glich. Jeder Beitrag \u2013 ob gro\u00df oder klein \u2013 hilft uns, unsere Leidenschaft auf dem Eis zu leben und den Damen-Eishockeysport in Schwenningen weiter voranzubringen.<\/h1>\n\n\n\n<h1 class=\"wp-block-heading has-medium-font-size\">Ein herzliches <strong>Dankesch\u00f6n<\/strong> an alle Unternehmen, Partner und Unterst\u00fctzer, die an unsere Vision glauben und uns auf unserem Weg begleiten. Ihr Engagement macht Training, Ausr\u00fcstung, Fahrten zu Ausw\u00e4rtsspielen und viele besondere Momente m\u00f6glich.<\/h1>\n\n\n\n<h1 class=\"wp-block-heading has-medium-font-size\">Gemeinsam stehen wir f\u00fcr <strong>Teamgeist, Einsatz und Zusammenhalt<\/strong> \u2013 auf und neben dem Eis.<br>Danke, dass ihr Teil der Lady-Wings-Familie seid!<\/h1>\n<\/div>\n<\/div>\n<\/div>\n\n\n\n<hr class=\"wp-block-separator has-alpha-channel-opacity\"\/>\n\n\n\n<div class=\"wp-block-group alignfull has-contrast-background-color has-background has-global-padding is-layout-constrained wp-container-core-group-is-layout-ebee8dc1 wp-block-group-is-layout-constrained\" style=\"margin-top:0;margin-bottom:0;padding-top:var(--wp--preset--spacing--50);padding-bottom:var(--wp--preset--spacing--50)\">\n<div class=\"wp-block-columns alignwide is-layout-flex wp-container-core-columns-is-layout-28f84493 wp-block-columns-is-layout-flex\">\n<div class=\"wp-block-column is-layout-flow wp-block-column-is-layout-flow\">\n<div class=\"wp-block-group has-global-padding is-layout-constrained wp-block-group-is-layout-constrained\">\n<div class=\"wp-block-columns is-layout-flex wp-container-core-columns-is-layout-28f84493 wp-block-columns-is-layout-flex\">\n<div class=\"wp-block-column is-layout-flow wp-block-column-is-layout-flow\" style=\"flex-basis:100%\">\n<figure class=\"wp-block-image aligncenter size-full is-resized\"><a href=\"https:\/\/www.gestalterbank.de\/startseite.html\"><img loading=\"lazy\" decoding=\"async\" width=\"768\" height=\"182\" src=\"https:\/\/ladywings.de\/wp-content\/uploads\/2025\/10\/Logo_Voba_Gestalterbank_4c-768x182-1.png\" alt=\"\" class=\"wp-image-21\" style=\"width:279px;height:auto\"\/><\/a><\/figure>\n<\/div>\n<\/div>\n<\/div>\n\n\n\n<p class=\"has-accent-1-color has-text-color has-link-color has-medium-font-size wp-elements-01c5b2315cc05dce52f05348b878d9d4\">unser engagierter hauptpartner gestaltet auch unseren weg als repres\u00e4ntant des fraueneishockeys in unserer region<\/p>\n<\/div>\n\n\n\n<div class=\"wp-block-column is-layout-flow wp-block-column-is-layout-flow\">\n<figure class=\"wp-block-image aligncenter size-full is-resized\"><a href=\"www.brokk.de\"><img loading=\"lazy\" decoding=\"async\" width=\"300\" height=\"76\" src=\"https:\/\/ladywings.de\/wp-content\/uploads\/2025\/10\/BROKK_Black_CMYK-pdf-300x76-1.jpg\" alt=\"\" class=\"wp-image-23\" style=\"width:261px;height:auto\"\/><\/a><\/figure>\n\n\n\n<p class=\"has-accent-1-color has-text-color has-link-color has-medium-font-size wp-elements-64b41c651dea9163821a370f0395b3e9\">smart und famili\u00e4r &#8211; im abbruch und auf dem eis <\/p>\n<\/div>\n\n\n\n<div class=\"wp-block-column is-layout-flow wp-block-column-is-layout-flow\">\n<figure class=\"wp-block-image aligncenter size-full is-resized\"><img loading=\"lazy\" decoding=\"async\" width=\"768\" height=\"142\" src=\"https:\/\/ladywings.de\/wp-content\/uploads\/2025\/10\/Wappen-und-Schriftzug-768x142-1.gif\" alt=\"\" class=\"wp-image-33\" style=\"width:335px;height:auto\"\/><\/figure>\n\n\n\n<p class=\"has-accent-1-color has-text-color has-link-color has-medium-font-size wp-elements-f3b86c714454b718277f0fa402993cd6\">Like flowers that bloom in unexpected places, every story unfolds with beauty and resilience<\/p>\n<\/div>\n<\/div>\n<\/div>\n\n\n\n<hr class=\"wp-block-separator has-alpha-channel-opacity\"\/>\n\n\n\n<div class=\"wp-block-group alignfull has-contrast-background-color has-background has-global-padding is-layout-constrained wp-container-core-group-is-layout-ebee8dc1 wp-block-group-is-layout-constrained\" style=\"margin-top:0;margin-bottom:0;padding-top:var(--wp--preset--spacing--50);padding-bottom:var(--wp--preset--spacing--50)\">\n<div class=\"wp-block-columns alignwide is-layout-flex wp-container-core-columns-is-layout-28f84493 wp-block-columns-is-layout-flex\">\n<div class=\"wp-block-column is-layout-flow wp-block-column-is-layout-flow\">\n<div class=\"wp-block-group has-global-padding is-layout-constrained wp-block-group-is-layout-constrained\">\n<div class=\"wp-block-columns is-layout-flex wp-container-core-columns-is-layout-28f84493 wp-block-columns-is-layout-flex\">\n<div class=\"wp-block-column is-layout-flow wp-block-column-is-layout-flow\" style=\"flex-basis:100%\">\n<figure class=\"wp-block-image aligncenter size-full is-resized\"><a href=\"https:\/\/braeunlinger.de\/\"><img loading=\"lazy\" decoding=\"async\" width=\"114\" height=\"80\" src=\"https:\/\/ladywings.de\/wp-content\/uploads\/2025\/10\/LB_logo_2x-r7i9uywlrvfta3qgv5bo48zinfzac8sn54e0vjm1hc.png\" alt=\"\" class=\"wp-image-28\" style=\"width:188px;height:auto\"\/><\/a><\/figure>\n<\/div>\n<\/div>\n<\/div>\n\n\n\n<p class=\"has-accent-1-color has-text-color has-link-color has-medium-font-size wp-elements-a55a7cbe2907b3a859e7e7de2aaf94c0\">Regional, Spritzig, wild &#8211; unser getr\u00e4nkePartner bei heimspielen ist ein perfect match!<\/p>\n<\/div>\n\n\n\n<div class=\"wp-block-column is-layout-flow wp-block-column-is-layout-flow\">\n<figure class=\"wp-block-image aligncenter size-full is-resized\"><a href=\"https:\/\/stickchef.de\/\"><img loading=\"lazy\" decoding=\"async\" width=\"256\" height=\"256\" src=\"https:\/\/ladywings.de\/wp-content\/uploads\/2025\/10\/Stickchef-256x256-1.gif\" alt=\"\" class=\"wp-image-32\" style=\"width:130px;height:auto\"\/><\/a><\/figure>\n\n\n\n<p class=\"has-accent-1-color has-text-color has-link-color has-medium-font-size wp-elements-9e3ee6e1cee186aa019d3d9d280edeb5\">Besticken. Bedrucken. Beflocken. Stickchef verleiht unserer Teamware und den Trikots unseren einzigartigen Touch<\/p>\n<\/div>\n\n\n\n<div class=\"wp-block-column is-layout-flow wp-block-column-is-layout-flow\">\n<figure class=\"wp-block-image aligncenter size-full is-resized\"><a href=\"https:\/\/www.cosus.de\/\"><img loading=\"lazy\" decoding=\"async\" width=\"354\" height=\"145\" src=\"https:\/\/ladywings.de\/wp-content\/uploads\/2025\/10\/COSUSLOGO_ITloesungen.jpeg\" alt=\"\" class=\"wp-image-25\" style=\"width:303px;height:auto\"\/><\/a><\/figure>\n\n\n\n<p class=\"has-accent-1-color has-text-color has-link-color has-medium-font-size wp-elements-a7c066eec7674530524f3536b7bde7ee\">ohne Kommunikation geht nichts. Weder auf dem Eis, noch im normalen Leben. Unser Partner f\u00fcr alles rund um die IT<\/p>\n<\/div>\n<\/div>\n<\/div>\n\n\n\n<hr class=\"wp-block-separator has-alpha-channel-opacity\"\/>\n\n\n\n<div class=\"wp-block-group alignfull has-contrast-background-color has-background has-global-padding is-layout-constrained wp-container-core-group-is-layout-ebee8dc1 wp-block-group-is-layout-constrained\" style=\"margin-top:0;margin-bottom:0;padding-top:var(--wp--preset--spacing--50);padding-bottom:var(--wp--preset--spacing--50)\">\n<div class=\"wp-block-columns alignwide is-layout-flex wp-container-core-columns-is-layout-28f84493 wp-block-columns-is-layout-flex\">\n<div class=\"wp-block-column is-layout-flow wp-block-column-is-layout-flow\">\n<figure class=\"wp-block-image aligncenter size-full is-resized\"><img loading=\"lazy\" decoding=\"async\" width=\"265\" height=\"300\" src=\"https:\/\/ladywings.de\/wp-content\/uploads\/2025\/10\/Logo-Hamma-POWER-YOUR-FLUID-pdf-265x300-1.jpg\" alt=\"\" class=\"wp-image-30\" style=\"width:92px;height:auto\"\/><\/figure>\n\n\n\n<p class=\"has-accent-1-color has-text-color has-link-color has-medium-font-size wp-elements-f3b86c714454b718277f0fa402993cd6\">Like flowers that bloom in unexpected places, every story unfolds with beauty and resilience<\/p>\n<\/div>\n\n\n\n<div class=\"wp-block-column is-layout-flow wp-block-column-is-layout-flow\">\n<figure class=\"wp-block-image aligncenter size-full is-resized\"><a href=\"https:\/\/sportschule-defcon.de\/\"><img loading=\"lazy\" decoding=\"async\" width=\"662\" height=\"180\" src=\"https:\/\/ladywings.de\/wp-content\/uploads\/2025\/10\/Defcon.jpg\" alt=\"\" class=\"wp-image-34\" style=\"width:353px;height:auto\"\/><\/a><\/figure>\n\n\n\n<p class=\"has-accent-1-color has-text-color has-link-color has-medium-font-size wp-elements-36006f62f5d200b9cce3073af5aca5f1\">Fit. Selbst. Bewusst. Unser starker PArtner f\u00fcr die K\u00f6rperkontakt-trainingseinheiten<\/p>\n<\/div>\n\n\n\n<div class=\"wp-block-column is-layout-flow wp-block-column-is-layout-flow\">\n<figure class=\"wp-block-image aligncenter size-full is-resized\"><img loading=\"lazy\" decoding=\"async\" width=\"768\" height=\"246\" src=\"https:\/\/ladywings.de\/wp-content\/uploads\/2025\/10\/Gutmann_logo_300_dpi_dunkel-RGB011173-768x246-1.jpg\" alt=\"\" class=\"wp-image-27\" style=\"width:274px;height:auto\"\/><\/figure>\n\n\n\n<p class=\"has-accent-1-color has-text-color has-link-color has-medium-font-size wp-elements-f3b86c714454b718277f0fa402993cd6\">Like flowers that bloom in unexpected places, every story unfolds with beauty and resilience<\/p>\n<\/div>\n<\/div>\n<\/div>\n\n\n\n<hr class=\"wp-block-separator has-alpha-channel-opacity\"\/>\n\n\n\n<div class=\"wp-block-group alignfull has-contrast-background-color has-background has-global-padding is-layout-constrained wp-container-core-group-is-layout-ebee8dc1 wp-block-group-is-layout-constrained\" style=\"margin-top:0;margin-bottom:0;padding-top:var(--wp--preset--spacing--50);padding-bottom:var(--wp--preset--spacing--50)\">\n<div class=\"wp-block-columns alignwide is-layout-flex wp-container-core-columns-is-layout-28f84493 wp-block-columns-is-layout-flex\">\n<div class=\"wp-block-column is-layout-flow wp-block-column-is-layout-flow\">\n<div class=\"wp-block-group has-global-padding is-layout-constrained wp-block-group-is-layout-constrained\">\n<div class=\"wp-block-columns is-layout-flex wp-container-core-columns-is-layout-28f84493 wp-block-columns-is-layout-flex\">\n<div class=\"wp-block-column is-layout-flow wp-block-column-is-layout-flow\" style=\"flex-basis:100%\">\n<figure class=\"wp-block-image aligncenter size-full is-resized\"><a href=\"https:\/\/upjoy.de\/\"><img loading=\"lazy\" decoding=\"async\" width=\"150\" height=\"100\" src=\"https:\/\/ladywings.de\/wp-content\/uploads\/2025\/11\/Upjoy.png\" alt=\"\" class=\"wp-image-179\" style=\"width:188px;height:auto\"\/><\/a><\/figure>\n<\/div>\n<\/div>\n<\/div>\n\n\n\n<p class=\"has-accent-1-color has-text-color has-link-color has-medium-font-size wp-elements-34a9378668e45521ccac31c46a04f06d\">Upjoy! wir wollen hoch hinaus. wo ginge das besser, als in der boulderhalle? <\/p>\n<\/div>\n\n\n\n<div class=\"wp-block-column is-layout-flow wp-block-column-is-layout-flow\">\n<figure class=\"wp-block-image aligncenter size-full is-resized\"><img loading=\"lazy\" decoding=\"async\" width=\"200\" height=\"200\" src=\"https:\/\/ladywings.de\/wp-content\/uploads\/2025\/11\/modehaus_zinser_logo.jpg\" alt=\"\" class=\"wp-image-182\" style=\"width:130px;height:auto\"\/><\/figure>\n\n\n\n<p class=\"has-accent-1-color has-text-color has-link-color has-medium-font-size wp-elements-f3b86c714454b718277f0fa402993cd6\">Like flowers that bloom in unexpected places, every story unfolds with beauty and resilience<\/p>\n<\/div>\n\n\n\n<div class=\"wp-block-column is-layout-flow wp-block-column-is-layout-flow\">\n<figure class=\"wp-block-image aligncenter size-full is-resized\"><img loading=\"lazy\" decoding=\"async\" width=\"186\" height=\"50\" src=\"https:\/\/ladywings.de\/wp-content\/uploads\/2025\/11\/DVAG.jpg\" alt=\"\" class=\"wp-image-181\" style=\"width:303px;height:auto\"\/><\/figure>\n\n\n\n<hr class=\"wp-block-separator has-alpha-channel-opacity\"\/>\n\n\n\n<hr class=\"wp-block-separator has-alpha-channel-opacity\" style=\"margin-top:var(--wp--preset--spacing--30);margin-bottom:var(--wp--preset--spacing--30)\"\/>\n\n\n\n<p class=\"has-accent-1-color has-text-color has-link-color has-medium-font-size wp-elements-f3b86c714454b718277f0fa402993cd6\">Like flowers that bloom in unexpected places, every story unfolds with beauty and resilience<\/p>\n<\/div>\n<\/div>\n<\/div>\n","protected":false},"excerpt":{"rendered":"<p>Gemeinsam stark! Ohne unsere Sponsoren w\u00e4re Eishockey in dieser Form nicht m\u00f6glich. Jeder Beitrag \u2013 ob gro\u00df oder klein \u2013 hilft uns, unsere Leidenschaft auf dem Eis zu leben und den Damen-Eishockeysport in Schwenningen weiter voranzubringen. Ein herzliches Dankesch\u00f6n an alle Unternehmen, Partner und Unterst\u00fctzer, die an unsere Vision glauben und uns auf unserem Weg [&hellip;]<\/p>\n","protected":false},"author":1,"featured_media":0,"parent":0,"menu_order":0,"comment_status":"closed","ping_status":"closed","template":"","meta":{"footnotes":""},"class_list":["post-17","page","type-page","status-publish","hentry"],"_links":{"self":[{"href":"https:\/\/ladywings.de\/index.php?rest_route=\/wp\/v2\/pages\/17","targetHints":{"allow":["GET"]}}],"collection":[{"href":"https:\/\/ladywings.de\/index.php?rest_route=\/wp\/v2\/pages"}],"about":[{"href":"https:\/\/ladywings.de\/index.php?rest_route=\/wp\/v2\/types\/page"}],"author":[{"embeddable":true,"href":"https:\/\/ladywings.de\/index.php?rest_route=\/wp\/v2\/users\/1"}],"replies":[{"embeddable":true,"href":"https:\/\/ladywings.de\/index.php?rest_route=%2Fwp%2Fv2%2Fcomments&post=17"}],"version-history":[{"count":23,"href":"https:\/\/ladywings.de\/index.php?rest_route=\/wp\/v2\/pages\/17\/revisions"}],"predecessor-version":[{"id":184,"href":"https:\/\/ladywings.de\/index.php?rest_route=\/wp\/v2\/pages\/17\/revisions\/184"}],"wp:attachment":[{"href":"https:\/\/ladywings.de\/index.php?rest_route=%2Fwp%2Fv2%2Fmedia&parent=17"}],"curies":[{"name":"wp","href":"https:\/\/api.w.org\/{rel}","templated":true}]}}